{"id":24,"date":"2024-02-17T13:21:04","date_gmt":"2024-02-17T13:21:04","guid":{"rendered":"https:\/\/photopickr.com\/?page_id=24"},"modified":"2024-03-22T14:05:22","modified_gmt":"2024-03-22T14:05:22","slug":"features","status":"publish","type":"page","link":"https:\/\/photopickr.com\/hu\/features\/","title":{"rendered":"Funkci\u00f3k"},"content":{"rendered":"<div class=\"wp-block-group alignfull has-accent-2-background-color has-background has-global-padding is-layout-constrained wp-container-core-group-is-layout-669513ed wp-block-group-is-layout-constrained\" style=\"margin-top:0;margin-bottom:0;padding-top:var(--wp--preset--spacing--50);padding-right:var(--wp--preset--spacing--50);padding-bottom:var(--wp--preset--spacing--50);padding-left:var(--wp--preset--spacing--50)\">\n<div class=\"wp-block-columns alignwide is-layout-flex wp-container-core-columns-is-layout-28f84493 wp-block-columns-is-layout-flex\">\n<div class=\"wp-block-column is-layout-flow wp-block-column-is-layout-flow\" style=\"flex-basis:40%\">\n<p class=\"wp-container-content-0733e5d0\"><\/p>\n<\/div>\n\n\n\n<div class=\"wp-block-column is-layout-flow wp-block-column-is-layout-flow\" style=\"flex-basis:60%\">\n<p class=\"has-heading-font-family has-x-large-font-size\" style=\"line-height:1.2\">A Photopickr k\u00fcl\u00f6nf\u00e9le felhaszn\u00e1l\u00e1si eseteket t\u00e1mogat, att\u00f3l f\u00fcgg\u0151en, hogy mire van sz\u00fcks\u00e9ged, \u00e9s hogyan osztasz meg fot\u00f3t az \u00dcgyfeleiddel. <\/p>\n<\/div>\n<\/div>\n<\/div>\n\n\n\n<div class=\"wp-block-group alignfull has-base-background-color has-background has-global-padding is-layout-constrained wp-container-core-group-is-layout-d89aad35 wp-block-group-is-layout-constrained\" style=\"margin-top:0;margin-bottom:0;padding-top:var(--wp--preset--spacing--50);padding-right:var(--wp--preset--spacing--50);padding-bottom:var(--wp--preset--spacing--50);padding-left:var(--wp--preset--spacing--50)\">\n<div class=\"wp-block-columns alignwide is-layout-flex wp-container-core-columns-is-layout-549b0c86 wp-block-columns-is-layout-flex\">\n<div class=\"wp-block-column has-global-padding is-content-justification-left is-layout-constrained wp-container-core-column-is-layout-4f15e8fe wp-block-column-is-layout-constrained\" style=\"flex-basis:40%\">\n<p>#1 Csak megtekint\u00e9s<\/p>\n<\/div>\n\n\n\n<div class=\"wp-block-column is-layout-flow wp-container-core-column-is-layout-119bc444 wp-block-column-is-layout-flow\" style=\"flex-basis:60%\">\n<p class=\"has-heading-font-family has-x-large-font-size\" style=\"line-height:1.2\">Oszd meg fot\u00f3idat az \u00dcgyfeleiddel csak megtekint\u00e9s c\u00e9lj\u00e1b\u00f3l <\/p>\n\n\n\n<div class=\"wp-block-columns is-layout-flex wp-container-core-columns-is-layout-87beb0d0 wp-block-columns-is-layout-flex\">\n<div class=\"wp-block-column is-layout-flow wp-block-column-is-layout-flow\">\n<p class=\"wp-container-content-9cfa9a5a\">Ebben az esetben a l\u00e1togat\u00f3k megtekinthetik a k\u00e9peket, de nem tudnak v\u00e1lasztani, illetve nem tudnak \u00e1rkalkul\u00e1ci\u00f3t v\u00e9gezni \u00e9s rendel\u00e9st k\u00fcldeni.<\/p>\n\n\n\n<p>A k\u00e9peket k\u00f6zvetlen\u00fcl asztali sz\u00e1m\u00edt\u00f3g\u00e9pr\u0151l\/mobileszk\u00f6zr\u0151l vagy ak\u00e1r FTP-n kereszt\u00fcl is felt\u00f6ltheted (ha a f\u00e9nyk\u00e9pez\u0151g\u00e9p t\u00e1mogatja).<\/p>\n<\/div>\n\n\n\n<div class=\"wp-block-column is-layout-flow wp-block-column-is-layout-flow\">\n<h4 class=\"wp-block-heading\"><strong>Hasznos, ha:<\/strong><\/h4>\n\n\n\n<ul class=\"wp-block-list\">\n<li>Azonnal fot\u00f3 megoszt\u00e1sra van sz\u00fcks\u00e9g, pl. esem\u00e9nyek sor\u00e1n. A gal\u00e9ri\u00e1k \u00e9s albumok linkjei el\u0151re megoszthat\u00f3, elk\u00fcldhet\u0151 a l\u00e1togat\u00f3k sz\u00e1m\u00e1ra.<\/li>\n\n\n\n<li>Portf\u00f3li\u00f3 oldal k\u00e9sz\u00edt\u00e9se<\/li>\n<\/ul>\n<\/div>\n<\/div>\n<\/div>\n<\/div>\n<\/div>\n\n\n\n<div class=\"wp-block-group alignfull has-base-2-background-color has-background has-global-padding is-layout-constrained wp-container-core-group-is-layout-f611be13 wp-block-group-is-layout-constrained\" style=\"padding-top:var(--wp--preset--spacing--50);padding-right:var(--wp--preset--spacing--50);padding-bottom:var(--wp--preset--spacing--50);padding-left:var(--wp--preset--spacing--50)\">\n<div class=\"wp-block-columns alignwide is-layout-flex wp-container-core-columns-is-layout-549b0c86 wp-block-columns-is-layout-flex\">\n<div class=\"wp-block-column is-vertically-aligned-top has-global-padding is-content-justification-left is-layout-constrained wp-container-core-column-is-layout-4f15e8fe wp-block-column-is-layout-constrained\" style=\"flex-basis:40%\">\n<p class=\"has-text-align-left\">#2 V\u00e1logat\u00e1s<\/p>\n<\/div>\n\n\n\n<div class=\"wp-block-column is-layout-flow wp-container-core-column-is-layout-119bc444 wp-block-column-is-layout-flow\" style=\"flex-basis:60%\">\n<p class=\"has-heading-font-family has-x-large-font-size\" style=\"line-height:1.2\">Az \u00dcgyfelek k\u00e9peket jel\u00f6lhetnek meg<\/p>\n\n\n\n<div class=\"wp-block-columns is-layout-flex wp-container-core-columns-is-layout-87beb0d0 wp-block-columns-is-layout-flex\">\n<div class=\"wp-block-column is-layout-flow wp-block-column-is-layout-flow\">\n<p class=\"wp-container-content-9cfa9a5a\">Az \u00dcgyfelek kiv\u00e1laszthatj\u00e1k a k\u00edv\u00e1nt k\u00e9peket, \u00e9s \u00e1rkalkul\u00e1ci\u00f3 n\u00e9lk\u00fcl leadhatj\u00e1k a v\u00e1logat\u00e1st.<\/p>\n\n\n\n<p class=\"wp-container-content-9cfa9a5a\">Az adminisztr\u00e1ci\u00f3s fel\u00fclet Megrendel\u00e9s modulj\u00e1ban nyomon k\u00f6vetheted \u00e9s kezelheted a bek\u00fcld\u00f6tt rendel\u00e9seket. <\/p>\n<\/div>\n\n\n\n<div class=\"wp-block-column is-layout-flow wp-block-column-is-layout-flow\">\n<h4 class=\"wp-block-heading\"><strong>Hasznos, ha nincs sz\u00fcks\u00e9g \u00e1rkalkul\u00e1ci\u00f3ra:<\/strong><\/h4>\n\n\n\n<ul class=\"wp-block-list\">\n<li>Az L\u00e1togat\u00f3 (aki kiv\u00e1lasztja a k\u00e9peket) \u00e9s Megrendel\u0151 (aki fizet a munk\u00e1\u00e9rt) nem ugyanaz a szem\u00e9ly. Gondolj pl. egy c\u00e9ges portr\u00e9fot\u00f3z\u00e1sra. <\/li>\n\n\n\n<li>Az \u00e1rakban m\u00e1r el\u0151re megegyeztetek, \u00edgy az a v\u00e1logat\u00e1s sor\u00e1n m\u00e1r nem relev\u00e1ns.<\/li>\n\n\n\n<li>M\u00e1s okb\u00f3l nem szeretne \u00e1rakat sz\u00e1molni.<\/li>\n<\/ul>\n<\/div>\n<\/div>\n<\/div>\n<\/div>\n<\/div>\n\n\n\n<div class=\"wp-block-group alignfull has-base-background-color has-background has-global-padding is-layout-constrained wp-container-core-group-is-layout-f611be13 wp-block-group-is-layout-constrained\" style=\"padding-top:var(--wp--preset--spacing--50);padding-right:var(--wp--preset--spacing--50);padding-bottom:var(--wp--preset--spacing--50);padding-left:var(--wp--preset--spacing--50)\">\n<div class=\"wp-block-columns alignwide is-layout-flex wp-container-core-columns-is-layout-549b0c86 wp-block-columns-is-layout-flex\">\n<div class=\"wp-block-column has-global-padding is-content-justification-left is-layout-constrained wp-container-core-column-is-layout-4f15e8fe wp-block-column-is-layout-constrained\" style=\"flex-basis:40%\">\n<p>#3 V\u00e1logat\u00e1s \u00e1rkalkul\u00e1ci\u00f3val<\/p>\n<\/div>\n\n\n\n<div class=\"wp-block-column is-layout-flow wp-container-core-column-is-layout-119bc444 wp-block-column-is-layout-flow\" style=\"flex-basis:60%\">\n<p class=\"has-heading-font-family has-x-large-font-size\" style=\"line-height:1.2\">Az \u00dcgyfelek k\u00e9peket jel\u00f6lhetnek meg, amely alapj\u00e1n \u00e1rat kalkul\u00e1lunk <\/p>\n\n\n\n<div class=\"wp-block-columns is-layout-flex wp-container-core-columns-is-layout-87beb0d0 wp-block-columns-is-layout-flex\">\n<div class=\"wp-block-column is-layout-flow wp-block-column-is-layout-flow\">\n<p class=\"wp-container-content-9cfa9a5a\">Az \u00dcgyfelek kiv\u00e1laszthatj\u00e1k a k\u00edv\u00e1nt k\u00e9peket, \u00e9s \u00e1rkalkul\u00e1ci\u00f3t k\u00f6vet\u0151en leadhatj\u00e1k a v\u00e1logat\u00e1st.<\/p>\n\n\n\n<p>Digit\u00e1lis form\u00e1tumhoz \u00e9s pap\u00edrk\u00e9pekhez is adhatsz \u00e1rakat. T\u00f6bb \u00e1raz\u00e1si csomag \u00f6sszekapcsol\u00e1sa eset\u00e9n az \u00dcgyfelek v\u00e1laszthatnak ezek k\u00f6z\u00fcl.<\/p>\n<\/div>\n\n\n\n<div class=\"wp-block-column is-layout-flow wp-block-column-is-layout-flow\">\n<h4 class=\"wp-block-heading\"><strong>Ez rendk\u00edv\u00fcl rugalmas \u00e1raz\u00e1si lehet\u0151s\u00e9geket tesz lehet\u0151v\u00e9. Haszn\u00e1ld amikor:<\/strong><\/h4>\n\n\n\n<ul class=\"wp-block-list\">\n<li>You do series of photoshoot related to a session and need contacting with many clients. Think about kindergarten or school portraits.<\/li>\n\n\n\n<li>The prices depend on the quantity of the selection<\/li>\n<\/ul>\n<\/div>\n<\/div>\n\n\n\n<p class=\"has-small-font-size\">A Photopickr nem j\u00e1tszik szerepet a Fot\u00f3s \u00e9s az \u00dcgyf\u00e9l k\u00f6z\u00f6tti fizet\u00e9sekben. Ez k\u00f6zvetlen\u00fcl a felek k\u00f6z\u00f6tt t\u00f6rt\u00e9nik.<\/p>\n<\/div>\n<\/div>\n<\/div>","protected":false},"excerpt":{"rendered":"<p>Photopickr can support various cases depends on what you need, and how to share your photos with your clients. #1 View only Present images to your clients for share &amp; view purposes only In this case, clients are able to view the images, but cannot make a selection or do price calculations &amp; order. You [&hellip;]<\/p>","protected":false},"author":1,"featured_media":0,"parent":0,"menu_order":0,"comment_status":"closed","ping_status":"closed","template":"","meta":{"footnotes":""},"class_list":["post-24","page","type-page","status-publish","hentry"],"yoast_head":"<!-- This site is optimized with the Yoast SEO plugin v27.4 - https:\/\/yoast.com\/product\/yoast-seo-wordpress\/ -->\n<title>Features - photopickr<\/title>\n<meta name=\"robots\" content=\"index, follow, max-snippet:-1, max-image-preview:large, max-video-preview:-1\" \/>\n<link rel=\"canonical\" href=\"https:\/\/photopickr.com\/hu\/features\/\" \/>\n<meta property=\"og:locale\" content=\"hu_HU\" \/>\n<meta property=\"og:type\" content=\"article\" \/>\n<meta property=\"og:title\" content=\"Features - photopickr\" \/>\n<meta property=\"og:description\" content=\"Photopickr can support various cases depends on what you need, and how to share your photos with your clients. #1 View only Present images to your clients for share &amp; view purposes only In this case, clients are able to view the images, but cannot make a selection or do price calculations &amp; order. You [&hellip;]\" \/>\n<meta property=\"og:url\" content=\"https:\/\/photopickr.com\/hu\/features\/\" \/>\n<meta property=\"og:site_name\" content=\"photopickr\" \/>\n<meta property=\"article:modified_time\" content=\"2024-03-22T14:05:22+00:00\" \/>\n<meta name=\"twitter:card\" content=\"summary_large_image\" \/>\n<meta name=\"twitter:label1\" content=\"Becs\u00fclt olvas\u00e1si id\u0151\" \/>\n\t<meta name=\"twitter:data1\" content=\"2 perc\" \/>\n<script type=\"application\/ld+json\" class=\"yoast-schema-graph\">{\"@context\":\"https:\\\/\\\/schema.org\",\"@graph\":[{\"@type\":\"WebPage\",\"@id\":\"https:\\\/\\\/photopickr.com\\\/features\\\/\",\"url\":\"https:\\\/\\\/photopickr.com\\\/features\\\/\",\"name\":\"Features - photopickr\",\"isPartOf\":{\"@id\":\"https:\\\/\\\/photopickr.com\\\/#website\"},\"datePublished\":\"2024-02-17T13:21:04+00:00\",\"dateModified\":\"2024-03-22T14:05:22+00:00\",\"breadcrumb\":{\"@id\":\"https:\\\/\\\/photopickr.com\\\/features\\\/#breadcrumb\"},\"inLanguage\":\"hu\",\"potentialAction\":[{\"@type\":\"ReadAction\",\"target\":[\"https:\\\/\\\/photopickr.com\\\/features\\\/\"]}]},{\"@type\":\"BreadcrumbList\",\"@id\":\"https:\\\/\\\/photopickr.com\\\/features\\\/#breadcrumb\",\"itemListElement\":[{\"@type\":\"ListItem\",\"position\":1,\"name\":\"Home\",\"item\":\"https:\\\/\\\/photopickr.com\\\/\"},{\"@type\":\"ListItem\",\"position\":2,\"name\":\"Features\"}]},{\"@type\":\"WebSite\",\"@id\":\"https:\\\/\\\/photopickr.com\\\/#website\",\"url\":\"https:\\\/\\\/photopickr.com\\\/\",\"name\":\"photopickr (beta)\",\"description\":\"client photo gallery\",\"publisher\":{\"@id\":\"https:\\\/\\\/photopickr.com\\\/#organization\"},\"potentialAction\":[{\"@type\":\"SearchAction\",\"target\":{\"@type\":\"EntryPoint\",\"urlTemplate\":\"https:\\\/\\\/photopickr.com\\\/?s={search_term_string}\"},\"query-input\":{\"@type\":\"PropertyValueSpecification\",\"valueRequired\":true,\"valueName\":\"search_term_string\"}}],\"inLanguage\":\"hu\"},{\"@type\":\"Organization\",\"@id\":\"https:\\\/\\\/photopickr.com\\\/#organization\",\"name\":\"photopickr (beta)\",\"url\":\"https:\\\/\\\/photopickr.com\\\/\",\"logo\":{\"@type\":\"ImageObject\",\"inLanguage\":\"hu\",\"@id\":\"https:\\\/\\\/photopickr.com\\\/#\\\/schema\\\/logo\\\/image\\\/\",\"url\":\"https:\\\/\\\/photopickr.com\\\/wp-content\\\/uploads\\\/2024\\\/02\\\/pplogo-512.png\",\"contentUrl\":\"https:\\\/\\\/photopickr.com\\\/wp-content\\\/uploads\\\/2024\\\/02\\\/pplogo-512.png\",\"width\":512,\"height\":512,\"caption\":\"photopickr (beta)\"},\"image\":{\"@id\":\"https:\\\/\\\/photopickr.com\\\/#\\\/schema\\\/logo\\\/image\\\/\"}}]}<\/script>\n<!-- \/ Yoast SEO plugin. -->","yoast_head_json":{"title":"Features - photopickr","robots":{"index":"index","follow":"follow","max-snippet":"max-snippet:-1","max-image-preview":"max-image-preview:large","max-video-preview":"max-video-preview:-1"},"canonical":"https:\/\/photopickr.com\/hu\/features\/","og_locale":"hu_HU","og_type":"article","og_title":"Features - photopickr","og_description":"Photopickr can support various cases depends on what you need, and how to share your photos with your clients. #1 View only Present images to your clients for share &amp; view purposes only In this case, clients are able to view the images, but cannot make a selection or do price calculations &amp; order. You [&hellip;]","og_url":"https:\/\/photopickr.com\/hu\/features\/","og_site_name":"photopickr","article_modified_time":"2024-03-22T14:05:22+00:00","twitter_card":"summary_large_image","twitter_misc":{"Becs\u00fclt olvas\u00e1si id\u0151":"2 perc"},"schema":{"@context":"https:\/\/schema.org","@graph":[{"@type":"WebPage","@id":"https:\/\/photopickr.com\/features\/","url":"https:\/\/photopickr.com\/features\/","name":"Features - photopickr","isPartOf":{"@id":"https:\/\/photopickr.com\/#website"},"datePublished":"2024-02-17T13:21:04+00:00","dateModified":"2024-03-22T14:05:22+00:00","breadcrumb":{"@id":"https:\/\/photopickr.com\/features\/#breadcrumb"},"inLanguage":"hu","potentialAction":[{"@type":"ReadAction","target":["https:\/\/photopickr.com\/features\/"]}]},{"@type":"BreadcrumbList","@id":"https:\/\/photopickr.com\/features\/#breadcrumb","itemListElement":[{"@type":"ListItem","position":1,"name":"Home","item":"https:\/\/photopickr.com\/"},{"@type":"ListItem","position":2,"name":"Features"}]},{"@type":"WebSite","@id":"https:\/\/photopickr.com\/#website","url":"https:\/\/photopickr.com\/","name":"photopickr (b\u00e9ta)","description":"online fot\u00f3 gal\u00e9ria","publisher":{"@id":"https:\/\/photopickr.com\/#organization"},"potentialAction":[{"@type":"SearchAction","target":{"@type":"EntryPoint","urlTemplate":"https:\/\/photopickr.com\/?s={search_term_string}"},"query-input":{"@type":"PropertyValueSpecification","valueRequired":true,"valueName":"search_term_string"}}],"inLanguage":"hu"},{"@type":"Organization","@id":"https:\/\/photopickr.com\/#organization","name":"photopickr (b\u00e9ta)","url":"https:\/\/photopickr.com\/","logo":{"@type":"ImageObject","inLanguage":"hu","@id":"https:\/\/photopickr.com\/#\/schema\/logo\/image\/","url":"https:\/\/photopickr.com\/wp-content\/uploads\/2024\/02\/pplogo-512.png","contentUrl":"https:\/\/photopickr.com\/wp-content\/uploads\/2024\/02\/pplogo-512.png","width":512,"height":512,"caption":"photopickr (beta)"},"image":{"@id":"https:\/\/photopickr.com\/#\/schema\/logo\/image\/"}}]}},"_links":{"self":[{"href":"https:\/\/photopickr.com\/hu\/wp-json\/wp\/v2\/pages\/24","targetHints":{"allow":["GET"]}}],"collection":[{"href":"https:\/\/photopickr.com\/hu\/wp-json\/wp\/v2\/pages"}],"about":[{"href":"https:\/\/photopickr.com\/hu\/wp-json\/wp\/v2\/types\/page"}],"author":[{"embeddable":true,"href":"https:\/\/photopickr.com\/hu\/wp-json\/wp\/v2\/users\/1"}],"replies":[{"embeddable":true,"href":"https:\/\/photopickr.com\/hu\/wp-json\/wp\/v2\/comments?post=24"}],"version-history":[{"count":18,"href":"https:\/\/photopickr.com\/hu\/wp-json\/wp\/v2\/pages\/24\/revisions"}],"predecessor-version":[{"id":623,"href":"https:\/\/photopickr.com\/hu\/wp-json\/wp\/v2\/pages\/24\/revisions\/623"}],"wp:attachment":[{"href":"https:\/\/photopickr.com\/hu\/wp-json\/wp\/v2\/media?parent=24"}],"curies":[{"name":"wp","href":"https:\/\/api.w.org\/{rel}","templated":true}]}}