{"id":256,"date":"2024-02-18T20:31:41","date_gmt":"2024-02-18T20:31:41","guid":{"rendered":"https:\/\/photopickr.com\/?page_id=256"},"modified":"2024-03-16T20:19:27","modified_gmt":"2024-03-16T20:19:27","slug":"term-of-service","status":"publish","type":"page","link":"https:\/\/photopickr.com\/hu\/term-of-service\/","title":{"rendered":"Felhaszn\u00e1l\u00e1si felt\u00e9telek"},"content":{"rendered":"<p><strong>Hat\u00e1lyba l\u00e9p\u00e9s napja<\/strong> Febru\u00e1r 18, 2024<\/p>\n\n\n\n<p><strong>\u00dcdv\u00f6z\u00f6lj\u00fck!<\/strong> Ezek a Szolg\u00e1ltat\u00e1si felt\u00e9telek (\u201eFelt\u00e9telek\u201d) szab\u00e1lyozz\u00e1k a Photopickr \u00e1ltal k\u00edn\u00e1lt online szolg\u00e1ltat\u00e1s (\u201eSzolg\u00e1ltat\u00e1s\u201d) hozz\u00e1f\u00e9r\u00e9s\u00e9t \u00e9s haszn\u00e1lat\u00e1t. A Szolg\u00e1ltat\u00e1s el\u00e9r\u00e9s\u00e9vel vagy haszn\u00e1lat\u00e1val \u00d6n mag\u00e1ra n\u00e9zve k\u00f6telez\u0151nek ismeri el a jelen Felt\u00e9teleket, bele\u00e9rtve az itt k\u00f6zz\u00e9tett esetleges j\u00f6v\u0151beni m\u00f3dos\u00edt\u00e1sokat is. Ha nem fogadja el a jelen Felt\u00e9telek mindegyik\u00e9t, nem f\u00e9rhet hozz\u00e1 vagy haszn\u00e1lhatja a Szolg\u00e1ltat\u00e1st.<\/p>\n\n\n\n<p><strong>1. Fogalmak<\/strong><\/p>\n\n\n\n<ul class=\"wp-block-list\">\n<li><strong>Fot\u00f3s:<\/strong>\u00a0Olyan mag\u00e1nszem\u00e9ly vagy jogi szem\u00e9ly, aki f\u00e9nyk\u00e9peket t\u00f6lt fel a Szolg\u00e1ltat\u00e1sba, hogy az \u00fcgyfelek megtekinthess\u00e9k, kiv\u00e1laszthass\u00e1k \u00e9s megrendelhess\u00e9k.<\/li>\n\n\n\n<li><strong>\u00dcgyf\u00e9l:<\/strong>&nbsp;Olyan mag\u00e1nszem\u00e9ly vagy jogi szem\u00e9ly, aki a Szolg\u00e1ltat\u00e1st arra haszn\u00e1lja, hogy f\u00e9nyk\u00e9peket tekintsen meg \u00e9s rendeljen meg a Fot\u00f3sokt\u00f3l.<\/li>\n\n\n\n<li><strong>Tartalom:<\/strong>&nbsp;F\u00e9nyk\u00e9pek, sz\u00f6vegek, adatok, inform\u00e1ci\u00f3k \u00e9s egy\u00e9b anyagok, amelyeket a Felhaszn\u00e1l\u00f3k (Fot\u00f3sok \u00e9s \u00dcgyfelek) t\u00f6lt\u00f6ttek fel, k\u00fcldtek be vagy m\u00e1s m\u00f3don bocs\u00e1tottak rendelkez\u00e9sre a Szolg\u00e1ltat\u00e1shoz.<\/li>\n\n\n\n<li><strong>Felhaszn\u00e1l\u00f3:<\/strong>&nbsp;B\u00e1rmely mag\u00e1nszem\u00e9ly vagy jogi szem\u00e9ly, aki hozz\u00e1f\u00e9r a Szolg\u00e1ltat\u00e1shoz vagy haszn\u00e1lja, bele\u00e9rtve a Fot\u00f3sokat \u00e9s az \u00dcgyfeleket.<\/li>\n<\/ul>\n\n\n\n<p><strong>2. Szolg\u00e1ltat\u00e1s haszn\u00e1lata<\/strong><\/p>\n\n\n\n<p>Nem v\u00e9lem\u00e9nyezz\u00fck \u00e9s nem v\u00e1llalunk felel\u0151ss\u00e9get az oldal Felhaszn\u00e1l\u00f3i \u00e1ltal felt\u00f6lt\u00f6tt vagy bek\u00fcld\u00f6tt anyagok tartalm\u00e1\u00e9rt.<\/p>\n\n\n\n<p><strong>2.1 Fot\u00f3sok:<\/strong><\/p>\n\n\n\n<ul class=\"wp-block-list\">\n<li>A Szolg\u00e1ltat\u00e1s haszn\u00e1lat\u00e1ra minden vonatkoz\u00f3 t\u00f6rv\u00e9ny \u00e9s szab\u00e1lyoz\u00e1s vonatkozik, \u00e9s kiz\u00e1r\u00f3lag \u00d6n felel\u0151s a webhelyen kereszt\u00fcl folytatott kommunik\u00e1ci\u00f3 tartalm\u00e1\u00e9rt.<\/li>\n\n\n\n<li>\u00d6n felel\u0151s a fot\u00f3k saj\u00e1t \u00e1rai\u00e9rt \u00e9s a teljes\u00edt\u00e9si felt\u00e9telek (pl.\u00a0sz\u00e1ll\u00edt\u00e1si id\u0151k) be\u00e1ll\u00edt\u00e1s\u00e1\u00e9rt.<\/li>\n\n\n\n<li>\u00d6n felel\u0151s az\u00e9rt, hogy az \u00dcgyf\u00e9l megrendel\u00e9seire id\u0151ben \u00e9s szakszer\u0171en v\u00e1laszoljon \u00e9s teljes\u00edtse azokat<\/li>\n<\/ul>\n\n\n\n<p><strong>2.2 \u00dcgyfelek<\/strong><\/p>\n\n\n\n<ul class=\"wp-block-list\">\n<li>\u00d6n felel\u0151s az\u00e9rt, hogy a Szolg\u00e1ltat\u00e1sba bek\u00fcld\u00f6tt \u00f6sszes tartalom pontos \u00e9s teljes legyen.<\/li>\n\n\n\n<li>\u00d6n v\u00e1llalja, hogy a megrendelt f\u00e9nyk\u00e9pek\u00e9rt a Fot\u00f3sok \u00e1ltal meghat\u00e1rozott \u00e1rat fizeti a Fot\u00f3soknak.<\/li>\n\n\n\n<li>\u00d6n v\u00e1llalja, hogy a Szolg\u00e1ltat\u00e1s haszn\u00e1lata sor\u00e1n betartja az \u00f6sszes vonatkoz\u00f3 t\u00f6rv\u00e9nyt \u00e9s el\u0151\u00edr\u00e1st.<\/li>\n<\/ul>\n\n\n\n<p><strong>3. Felhaszn\u00e1l\u00f3i magatart\u00e1s<\/strong><\/p>\n\n\n\n<ul class=\"wp-block-list\">\n<li>\u00d6n beleegyezik abba, hogy a Szolg\u00e1ltat\u00e1st csak t\u00f6rv\u00e9nyes c\u00e9lokra haszn\u00e1lja.<\/li>\n\n\n\n<li>\u00d6n v\u00e1llalja, hogy nem t\u00f6lt fel vagy k\u00fcld be olyan tartalmat, amely:\n<ul class=\"wp-block-list\">\n<li>R\u00e1galmaz\u00f3, obszc\u00e9n, gy\u0171l\u00f6letkelt\u0151 vagy fenyeget\u0151, csal\u00e1rd, m\u00e1sok mag\u00e1n\u00e9let\u00e9t s\u00e9rt\u0151, k\u00e1rt\u00e9kony, szexu\u00e1lis cselekm\u00e9nyek kifejezett vagy grafikus le\u00edr\u00e1s\u00e1t vagy besz\u00e1mol\u00f3j\u00e1t tartalmazza<\/li>\n\n\n\n<li>Vall\u00e1s, nem, szexu\u00e1lis ir\u00e1nyults\u00e1g, faj, etnikai hovatartoz\u00e1s, \u00e9letkor vagy fogyat\u00e9koss\u00e1g alapj\u00e1n egy egy\u00e9nt vagy egy\u00e9nek csoportj\u00e1t meg\u00e1ldoz, zaklat, lealacsony\u00edt vagy megf\u00e9leml\u00edt<\/li>\n\n\n\n<li>S\u00e9rti b\u00e1rmely harmadik f\u00e9l szellemi tulajdonjogait.<\/li>\n\n\n\n<li>Jogosulatlan vagy k\u00e9retlen rekl\u00e1mot, lev\u00e9lszemetet vagy t\u00f6meges e-mailt, l\u00e1nclevelet, jogosulatlan felk\u00e9r\u00e9s b\u00e1rmilyen m\u00e1s form\u00e1j\u00e1t, vagy lott\u00f3 vagy szerencsej\u00e1t\u00e9k b\u00e1rmely form\u00e1j\u00e1t jelenti.<\/li>\n\n\n\n<li>B\u00e1rmely szem\u00e9lynek vagy entit\u00e1snak adja ki mag\u00e1t, bele\u00e9rtve b\u00e1rmely alkalmazottunkat vagy k\u00e9pvisel\u0151nket.<\/li>\n\n\n\n<li>Megs\u00e9rt b\u00e1rmilyen vonatkoz\u00f3 t\u00f6rv\u00e9nyt vagy el\u0151\u00edr\u00e1st.<\/li>\n<\/ul>\n<\/li>\n\n\n\n<li>\u00d6n v\u00e1llalja, hogy nem haszn\u00e1lja a Szolg\u00e1ltat\u00e1st:\n<ul class=\"wp-block-list\">\n<li>Spammel vagy zaklat m\u00e1s felhaszn\u00e1l\u00f3kat.<\/li>\n\n\n\n<li>Szem\u00e9lyes adatok gy\u0171jt\u00e9se vagy t\u00e1rol\u00e1sa m\u00e1s Felhaszn\u00e1l\u00f3kr\u00f3l az \u0151 beleegyez\u00e9s\u00fck n\u00e9lk\u00fcl.<\/li>\n\n\n\n<li>Megk\u00eds\u00e9rel illet\u00e9ktelen hozz\u00e1f\u00e9r\u00e9st szerezni a Szolg\u00e1ltat\u00e1shoz vagy b\u00e1rmely m\u00e1s sz\u00e1m\u00edt\u00f3g\u00e9pes rendszerhez.<\/li>\n<\/ul>\n<\/li>\n<\/ul>\n\n\n\n<p><strong>4. Tartalom tulajdonjoga<\/strong><\/p>\n\n\n\n<ul class=\"wp-block-list\">\n<li>A fot\u00f3sok minden tulajdonjogot fenntartanak a Szolg\u00e1ltat\u00e1sba felt\u00f6lt\u00f6tt f\u00e9nyk\u00e9pekre vonatkoz\u00f3an.<\/li>\n\n\n\n<li>Az \u00fcgyfelek nem kiz\u00e1r\u00f3lagos,\u00a0nem \u00e1truh\u00e1zhat\u00f3 enged\u00e9lyt szereznek a megrendelt f\u00e9nyk\u00e9pek szem\u00e9lyes,\u00a0nem kereskedelmi c\u00e9l\u00fa felhaszn\u00e1l\u00e1s\u00e1ra.<\/li>\n<\/ul>\n\n\n\n<p><strong>5. Garancia kiz\u00e1r\u00e1sa<\/strong><\/p>\n\n\n\n<ul class=\"wp-block-list\">\n<li>A szolg\u00e1ltat\u00e1s \u201eahogy van\u201d \u00e9s \u201eahogy el\u00e9rhet\u0151\u201d mindenf\u00e9le kifejezett vagy hallgat\u00f3lagos szavatoss\u00e1g n\u00e9lk\u00fcl, bele\u00e9rtve, de nem kiz\u00e1r\u00f3lagosan, az eladhat\u00f3s\u00e1gra, az adott c\u00e9lra val\u00f3 alkalmass\u00e1gra \u00e9s a jogs\u00e9rt\u00e9s hi\u00e1ny\u00e1ra vonatkoz\u00f3 garanci\u00e1kat.<\/li>\n<\/ul>\n\n\n\n<p><strong>6. A felel\u0151ss\u00e9g korl\u00e1toz\u00e1sa<\/strong><\/p>\n\n\n\n<ul class=\"wp-block-list\">\n<li>Nem v\u00e1llalunk felel\u0151ss\u00e9get a szolg\u00e1ltat\u00e1s \u00d6n \u00e1ltali haszn\u00e1lat\u00e1b\u00f3l ered\u0151 vagy azzal kapcsolatos k\u00e1rok\u00e9rt, ide\u00e9rtve, de nem kiz\u00e1r\u00f3lagosan a k\u00f6zvetlen, k\u00f6zvetett, v\u00e9letlenszer\u0171, k\u00f6vetkezm\u00e9nyes \u00e9s b\u00fcntet\u0151 jelleg\u0171 k\u00e1rokat.<\/li>\n<\/ul>\n\n\n\n<p><strong>7. Felmond\u00e1s<\/strong><\/p>\n\n\n\n<ul class=\"wp-block-list\">\n<li>\u00d6n beleegyezik abba, hogy felmondhatjuk vagy felf\u00fcggeszthetj\u00fck hozz\u00e1f\u00e9r\u00e9s\u00e9t a webhely eg\u00e9sz\u00e9hez vagy egy r\u00e9sz\u00e9hez el\u0151zetes \u00e9rtes\u00edt\u00e9ssel vagy an\u00e9lk\u00fcl, \u00e9s b\u00e1rmilyen okb\u00f3l, bele\u00e9rtve, de nem kiz\u00e1r\u00f3lagosan, a jelen Szolg\u00e1ltat\u00e1si felt\u00e9telek megs\u00e9rt\u00e9s\u00e9t.<\/li>\n\n\n\n<li>Fi\u00f3kja t\u00f6rl\u00e9s\u00e9vel b\u00e1rmikor megszak\u00edthatja a Szolg\u00e1ltat\u00e1s haszn\u00e1lat\u00e1t.<\/li>\n<\/ul>\n\n\n\n<p><strong>8. A Felt\u00e9telek v\u00e1ltoz\u00e1sai<\/strong><\/p>\n\n\n\n<ul class=\"wp-block-list\">\n<li>A jelen Felt\u00e9teleket id\u0151r\u0151l id\u0151re friss\u00edthetj\u00fck \u00fagy, hogy \u00faj verzi\u00f3t tesz\u00fcnk k\u00f6zz\u00e9 a Szolg\u00e1ltat\u00e1son. A Szolg\u00e1ltat\u00e1s b\u00e1rmely ilyen friss\u00edt\u00e9s ut\u00e1ni tov\u00e1bbi haszn\u00e1lata a friss\u00edtett Felt\u00e9telek elfogad\u00e1s\u00e1t jelenti.<\/li>\n<\/ul>\n\n\n\n<p><strong>9. Ir\u00e1nyad\u00f3 jog<\/strong><\/p>\n\n\n\n<ul class=\"wp-block-list\">\n<li>A jelen Felt\u00e9telekre az Eur\u00f3pai Uni\u00f3 jogszab\u00e1lyai vonatkoznak, \u00e9s azok \u00e9rtelmez\u00e9se azokkal \u00f6sszhangban t\u00f6rt\u00e9nik.<\/li>\n\n\n\n<li>Azok, akik \u00fagy d\u00f6ntenek, hogy m\u00e1s helyekr\u0151l hozz\u00e1f\u00e9rnek ehhez az oldalhoz, ezt saj\u00e1t kezdem\u00e9nyez\u00e9s\u00fckre teszik, \u00e9s felel\u0151ss\u00e9ggel tartoznak a helyi t\u00f6rv\u00e9nyek betart\u00e1s\u00e1\u00e9rt.<\/li>\n<\/ul>\n\n\n\n<p><strong>10. Teljes meg\u00e1llapod\u00e1s<\/strong><\/p>\n\n\n\n<ul class=\"wp-block-list\">\n<li>Ezek a Felt\u00e9telek alkotj\u00e1k a teljes meg\u00e1llapod\u00e1st \u00d6n \u00e9s k\u00f6zt\u00fcnk a Szolg\u00e1ltat\u00e1s tekintet\u00e9ben, \u00e9s fel\u00fcl\u00edrnak minden kor\u00e1bbi vagy egyidej\u0171 kommunik\u00e1ci\u00f3t \u00e9s javaslatot, ak\u00e1r sz\u00f3ban, ak\u00e1r \u00edr\u00e1sban.<\/li>\n<\/ul>\n\n\n\n<p><strong>11 Kapcsolatfelv\u00e9tel<\/strong><\/p>\n\n\n\n<ul class=\"wp-block-list\">\n<li>Ha b\u00e1rmilyen k\u00e9rd\u00e9se van a jelen Felt\u00e9telekkel kapcsolatban, k\u00e9rj\u00fck, vegye fel vel\u00fcnk a kapcsolatot.<\/li>\n<\/ul>","protected":false},"excerpt":{"rendered":"<p>Effective Date: February 18, 2024 Welcome! These Terms of Service (&#8220;Terms&#8221;) govern your access and use of the online service offered by Photopickr (&#8220;Service&#8221;). By accessing or using the Service, you agree to be bound by these Terms, including any future amendments which we may post here. If you do not agree to all of [&hellip;]<\/p>","protected":false},"author":1,"featured_media":0,"parent":0,"menu_order":0,"comment_status":"closed","ping_status":"closed","template":"","meta":{"footnotes":""},"class_list":["post-256","page","type-page","status-publish","hentry"],"yoast_head":"<!-- This site is optimized with the Yoast SEO plugin v27.4 - https:\/\/yoast.com\/product\/yoast-seo-wordpress\/ -->\n<title>Term of Service - photopickr<\/title>\n<meta name=\"robots\" content=\"index, follow, max-snippet:-1, max-image-preview:large, max-video-preview:-1\" \/>\n<link rel=\"canonical\" href=\"https:\/\/photopickr.com\/hu\/term-of-service\/\" \/>\n<meta property=\"og:locale\" content=\"hu_HU\" \/>\n<meta property=\"og:type\" content=\"article\" \/>\n<meta property=\"og:title\" content=\"Term of Service - photopickr\" \/>\n<meta property=\"og:description\" content=\"Effective Date: February 18, 2024 Welcome! These Terms of Service (&#8220;Terms&#8221;) govern your access and use of the online service offered by Photopickr (&#8220;Service&#8221;). By accessing or using the Service, you agree to be bound by these Terms, including any future amendments which we may post here. If you do not agree to all of [&hellip;]\" \/>\n<meta property=\"og:url\" content=\"https:\/\/photopickr.com\/hu\/term-of-service\/\" \/>\n<meta property=\"og:site_name\" content=\"photopickr\" \/>\n<meta property=\"article:modified_time\" content=\"2024-03-16T20:19:27+00:00\" \/>\n<meta name=\"twitter:card\" content=\"summary_large_image\" \/>\n<meta name=\"twitter:label1\" content=\"Becs\u00fclt olvas\u00e1si id\u0151\" \/>\n\t<meta name=\"twitter:data1\" content=\"4 perc\" \/>\n<script type=\"application\/ld+json\" class=\"yoast-schema-graph\">{\"@context\":\"https:\\\/\\\/schema.org\",\"@graph\":[{\"@type\":\"WebPage\",\"@id\":\"https:\\\/\\\/photopickr.com\\\/term-of-service\\\/\",\"url\":\"https:\\\/\\\/photopickr.com\\\/term-of-service\\\/\",\"name\":\"Term of Service - photopickr\",\"isPartOf\":{\"@id\":\"https:\\\/\\\/photopickr.com\\\/#website\"},\"datePublished\":\"2024-02-18T20:31:41+00:00\",\"dateModified\":\"2024-03-16T20:19:27+00:00\",\"breadcrumb\":{\"@id\":\"https:\\\/\\\/photopickr.com\\\/term-of-service\\\/#breadcrumb\"},\"inLanguage\":\"hu\",\"potentialAction\":[{\"@type\":\"ReadAction\",\"target\":[\"https:\\\/\\\/photopickr.com\\\/term-of-service\\\/\"]}]},{\"@type\":\"BreadcrumbList\",\"@id\":\"https:\\\/\\\/photopickr.com\\\/term-of-service\\\/#breadcrumb\",\"itemListElement\":[{\"@type\":\"ListItem\",\"position\":1,\"name\":\"Home\",\"item\":\"https:\\\/\\\/photopickr.com\\\/\"},{\"@type\":\"ListItem\",\"position\":2,\"name\":\"Term of Service\"}]},{\"@type\":\"WebSite\",\"@id\":\"https:\\\/\\\/photopickr.com\\\/#website\",\"url\":\"https:\\\/\\\/photopickr.com\\\/\",\"name\":\"photopickr (beta)\",\"description\":\"client photo gallery\",\"publisher\":{\"@id\":\"https:\\\/\\\/photopickr.com\\\/#organization\"},\"potentialAction\":[{\"@type\":\"SearchAction\",\"target\":{\"@type\":\"EntryPoint\",\"urlTemplate\":\"https:\\\/\\\/photopickr.com\\\/?s={search_term_string}\"},\"query-input\":{\"@type\":\"PropertyValueSpecification\",\"valueRequired\":true,\"valueName\":\"search_term_string\"}}],\"inLanguage\":\"hu\"},{\"@type\":\"Organization\",\"@id\":\"https:\\\/\\\/photopickr.com\\\/#organization\",\"name\":\"photopickr (beta)\",\"url\":\"https:\\\/\\\/photopickr.com\\\/\",\"logo\":{\"@type\":\"ImageObject\",\"inLanguage\":\"hu\",\"@id\":\"https:\\\/\\\/photopickr.com\\\/#\\\/schema\\\/logo\\\/image\\\/\",\"url\":\"https:\\\/\\\/photopickr.com\\\/wp-content\\\/uploads\\\/2024\\\/02\\\/pplogo-512.png\",\"contentUrl\":\"https:\\\/\\\/photopickr.com\\\/wp-content\\\/uploads\\\/2024\\\/02\\\/pplogo-512.png\",\"width\":512,\"height\":512,\"caption\":\"photopickr (beta)\"},\"image\":{\"@id\":\"https:\\\/\\\/photopickr.com\\\/#\\\/schema\\\/logo\\\/image\\\/\"}}]}<\/script>\n<!-- \/ Yoast SEO plugin. -->","yoast_head_json":{"title":"Term of Service - photopickr","robots":{"index":"index","follow":"follow","max-snippet":"max-snippet:-1","max-image-preview":"max-image-preview:large","max-video-preview":"max-video-preview:-1"},"canonical":"https:\/\/photopickr.com\/hu\/term-of-service\/","og_locale":"hu_HU","og_type":"article","og_title":"Term of Service - photopickr","og_description":"Effective Date: February 18, 2024 Welcome! These Terms of Service (&#8220;Terms&#8221;) govern your access and use of the online service offered by Photopickr (&#8220;Service&#8221;). By accessing or using the Service, you agree to be bound by these Terms, including any future amendments which we may post here. If you do not agree to all of [&hellip;]","og_url":"https:\/\/photopickr.com\/hu\/term-of-service\/","og_site_name":"photopickr","article_modified_time":"2024-03-16T20:19:27+00:00","twitter_card":"summary_large_image","twitter_misc":{"Becs\u00fclt olvas\u00e1si id\u0151":"4 perc"},"schema":{"@context":"https:\/\/schema.org","@graph":[{"@type":"WebPage","@id":"https:\/\/photopickr.com\/term-of-service\/","url":"https:\/\/photopickr.com\/term-of-service\/","name":"Term of Service - photopickr","isPartOf":{"@id":"https:\/\/photopickr.com\/#website"},"datePublished":"2024-02-18T20:31:41+00:00","dateModified":"2024-03-16T20:19:27+00:00","breadcrumb":{"@id":"https:\/\/photopickr.com\/term-of-service\/#breadcrumb"},"inLanguage":"hu","potentialAction":[{"@type":"ReadAction","target":["https:\/\/photopickr.com\/term-of-service\/"]}]},{"@type":"BreadcrumbList","@id":"https:\/\/photopickr.com\/term-of-service\/#breadcrumb","itemListElement":[{"@type":"ListItem","position":1,"name":"Home","item":"https:\/\/photopickr.com\/"},{"@type":"ListItem","position":2,"name":"Term of Service"}]},{"@type":"WebSite","@id":"https:\/\/photopickr.com\/#website","url":"https:\/\/photopickr.com\/","name":"photopickr (b\u00e9ta)","description":"online fot\u00f3 gal\u00e9ria","publisher":{"@id":"https:\/\/photopickr.com\/#organization"},"potentialAction":[{"@type":"SearchAction","target":{"@type":"EntryPoint","urlTemplate":"https:\/\/photopickr.com\/?s={search_term_string}"},"query-input":{"@type":"PropertyValueSpecification","valueRequired":true,"valueName":"search_term_string"}}],"inLanguage":"hu"},{"@type":"Organization","@id":"https:\/\/photopickr.com\/#organization","name":"photopickr (b\u00e9ta)","url":"https:\/\/photopickr.com\/","logo":{"@type":"ImageObject","inLanguage":"hu","@id":"https:\/\/photopickr.com\/#\/schema\/logo\/image\/","url":"https:\/\/photopickr.com\/wp-content\/uploads\/2024\/02\/pplogo-512.png","contentUrl":"https:\/\/photopickr.com\/wp-content\/uploads\/2024\/02\/pplogo-512.png","width":512,"height":512,"caption":"photopickr (beta)"},"image":{"@id":"https:\/\/photopickr.com\/#\/schema\/logo\/image\/"}}]}},"_links":{"self":[{"href":"https:\/\/photopickr.com\/hu\/wp-json\/wp\/v2\/pages\/256","targetHints":{"allow":["GET"]}}],"collection":[{"href":"https:\/\/photopickr.com\/hu\/wp-json\/wp\/v2\/pages"}],"about":[{"href":"https:\/\/photopickr.com\/hu\/wp-json\/wp\/v2\/types\/page"}],"author":[{"embeddable":true,"href":"https:\/\/photopickr.com\/hu\/wp-json\/wp\/v2\/users\/1"}],"replies":[{"embeddable":true,"href":"https:\/\/photopickr.com\/hu\/wp-json\/wp\/v2\/comments?post=256"}],"version-history":[{"count":4,"href":"https:\/\/photopickr.com\/hu\/wp-json\/wp\/v2\/pages\/256\/revisions"}],"predecessor-version":[{"id":521,"href":"https:\/\/photopickr.com\/hu\/wp-json\/wp\/v2\/pages\/256\/revisions\/521"}],"wp:attachment":[{"href":"https:\/\/photopickr.com\/hu\/wp-json\/wp\/v2\/media?parent=256"}],"curies":[{"name":"wp","href":"https:\/\/api.w.org\/{rel}","templated":true}]}}