{"id":3,"date":"2024-02-11T16:24:55","date_gmt":"2024-02-11T16:24:55","guid":{"rendered":"http:\/\/photopickr.com\/?page_id=3"},"modified":"2024-03-16T20:19:40","modified_gmt":"2024-03-16T20:19:40","slug":"privacy-policy","status":"publish","type":"page","link":"https:\/\/photopickr.com\/hu\/privacy-policy\/","title":{"rendered":"Adatv\u00e9delmi ir\u00e1nyelvek"},"content":{"rendered":"<h2 class=\"wp-block-heading\">Kik vagyunk<\/h2>\n\n\n\n<p>Weboldalunk c\u00edme: https:\/\/photopickr.com<\/p>\n\n\n\n<p>A weboldal c\u00e9lja: a regisztr\u00e1lt fot\u00f3sok (felhaszn\u00e1l\u00f3k) elk\u00fcl\u00f6n\u00fclten, priv\u00e1t m\u00f3don osztj\u00e1k meg alkot\u00e1saikat \u00fcgyfeleikkel, azzal az indokkal, hogy az \u00fcgyfelek kiv\u00e1lasztj\u00e1k a megfelel\u0151 fot\u00f3kat, amelyeket a fot\u00f3sokt\u00f3l szeretn\u00e9nek megrendelni.<\/p>\n\n\n\n<h2 class=\"wp-block-heading\">Forgalmi adatok<\/h2>\n\n\n\n<p>Amikor a l\u00e1togat\u00f3k haszn\u00e1lj\u00e1k oldalunkat, adatokat gy\u0171jt\u00fcnk a l\u00e1togat\u00f3 IP-c\u00edm\u00e9r\u0151l \u00e9s a haszn\u00e1lt b\u00f6ng\u00e9sz\u0151 adatair\u00f3l a k\u00f6vetkez\u0151k \u00e9rdek\u00e9ben:<\/p>\n\n\n\n<ul class=\"wp-block-list\">\n<li>rosszindulat\u00fa haszn\u00e1lat \u00e9szlel\u00e9se<\/li>\n\n\n\n<li>esetleges szoftverhib\u00e1k \u00e9szlel\u00e9se \u00e9s jav\u00edt\u00e1sa<\/li>\n<\/ul>\n\n\n\n<h2 class=\"wp-block-heading\">S\u00fctik<\/h2>\n\n\n\n<p>Amikor bejelentkezik, t\u00f6bb cookie-t \u00e1ll\u00edtunk be a bejelentkez\u00e9si adatok ment\u00e9s\u00e9re. A bejelentkez\u00e9si cookie-k t\u00edz napig m\u0171k\u00f6dnek, \u00edgy a bejelentkez\u00e9s 10 napig megmarad. Ha kijelentkezik fi\u00f3kj\u00e1b\u00f3l, a bejelentkez\u00e9si cookie-k t\u00f6rl\u0151dnek.<\/p>\n\n\n\n<h2 class=\"wp-block-heading\">Kivel osztjuk meg adatait<\/h2>\n\n\n\n<p>A r\u00f6gz\u00edtett adatokat nem osztjuk meg harmadik f\u00e9llel a webhelyen k\u00edv\u00fcl. <\/p>\n\n\n\n<p>Minden regisztr\u00e1lt fi\u00f3k birtokolja \u00e9s felel\u0151s adatai\u00e9rt, bele\u00e9rtve a gal\u00e9ri\u00e1kat, az \u00e1rakat, az albumokat, a f\u00e9nyk\u00e9peket, a rendel\u00e9seket \u00e9s a megrendel\u00e9s r\u00e9szleteit.<\/p>\n\n\n\n<h2 class=\"wp-block-heading\">Mennyi ideig \u0151rizz\u00fck meg adatait<\/h2>\n\n\n\n<p>A weboldalunkon regisztr\u00e1l\u00f3 fot\u00f3sok (felhaszn\u00e1l\u00f3k) eset\u00e9ben az \u00e1ltaluk megadott szem\u00e9lyes adatokat a felhaszn\u00e1l\u00f3i profiljukban is t\u00e1roljuk. Minden felhaszn\u00e1l\u00f3 b\u00e1rmikor megtekintheti, szerkesztheti vagy t\u00f6r\u00f6lheti szem\u00e9lyes adatait (kiv\u00e9ve, hogy nem m\u00f3dos\u00edthatja felhaszn\u00e1l\u00f3nev\u00e9t). A webhely rendszergazd\u00e1i is l\u00e1thatj\u00e1k \u00e9s szerkeszthetik ezeket az inform\u00e1ci\u00f3kat.<\/p>\n\n\n\n<p>Azon \u00fcgyfelek sz\u00e1m\u00e1ra, akik fot\u00f3kat v\u00e1lasztanak ki \u00e9s rendelnek, a szem\u00e9lyes adatait elt\u00e1rolja a rendszer. Csak annak a fot\u00f3snak a fi\u00f3kja f\u00e9rhet hozz\u00e1 vagy t\u00f6r\u00f6lheti azokat, akik eredetileg l\u00e9trehozt\u00e1k a fot\u00f3gal\u00e9ri\u00e1t. A webhely rendszergazd\u00e1i is l\u00e1thatj\u00e1k vagy t\u00f6r\u00f6lhetik ezeket az inform\u00e1ci\u00f3kat.<\/p>\n\n\n\n<p>A t\u00e1rolt adatokat korl\u00e1tlan ideig meg\u0151rizz\u00fck mindaddig, am\u00edg manu\u00e1lisan nem t\u00f6rlik \u0151ket. Minden t\u00f6rl\u00e9si m\u0171velet v\u00e9gleges, \u00e9s nem vonhat\u00f3 vissza.<\/p>\n\n\n\n<h2 class=\"wp-block-heading\">Milyen jogaid vannak az adataiddal kapcsolatban<\/h2>\n\n\n\n<p>K\u00e9rhet export\u00e1lt f\u00e1jlt az \u00d6nr\u0151l t\u00e1rolt szem\u00e9lyes adatokr\u00f3l, bele\u00e9rtve az \u00d6n \u00e1ltal rendelkez\u00e9s\u00fcnkre bocs\u00e1tott adatokat is. Azt is k\u00e9rheti, hogy t\u00f6r\u00f6lj\u00fck az \u00d6nr\u0151l t\u00e1rolt szem\u00e9lyes adatokat. Ez nem tartalmazza azokat az adatokat, amelyeket adminisztrat\u00edv, jogi vagy biztons\u00e1gi c\u00e9lb\u00f3l k\u00f6telesek vagyunk meg\u0151rizni.<\/p>\n\n\n\n<h2 class=\"wp-block-heading\">Hov\u00e1 k\u00fcldj el az adatait<\/h2>\n\n\n\n<p>A r\u00f6gz\u00edtett adatokat nem osztjuk meg harmadik f\u00e9llel a webhelyen k\u00edv\u00fcl.<\/p>","protected":false},"excerpt":{"rendered":"<p>Who we are Our website address: http:\/\/photopickr.com The website purprose: registered photographers (users) share their work to their clients in a separated, private way, with the reason of the clients select the appropriate photos which they want to order from the photographers. Traffic data When visitors use our site we collect data of the visitor\u2019s [&hellip;]<\/p>","protected":false},"author":1,"featured_media":0,"parent":0,"menu_order":0,"comment_status":"closed","ping_status":"open","template":"","meta":{"footnotes":""},"class_list":["post-3","page","type-page","status-publish","hentry"],"yoast_head":"<!-- This site is optimized with the Yoast SEO plugin v27.4 - https:\/\/yoast.com\/product\/yoast-seo-wordpress\/ -->\n<title>Privacy Policy - photopickr<\/title>\n<meta name=\"robots\" content=\"index, follow, max-snippet:-1, max-image-preview:large, max-video-preview:-1\" \/>\n<link rel=\"canonical\" href=\"https:\/\/photopickr.com\/hu\/privacy-policy\/\" \/>\n<meta property=\"og:locale\" content=\"hu_HU\" \/>\n<meta property=\"og:type\" content=\"article\" \/>\n<meta property=\"og:title\" content=\"Privacy Policy - photopickr\" \/>\n<meta property=\"og:description\" content=\"Who we are Our website address: http:\/\/photopickr.com The website purprose: registered photographers (users) share their work to their clients in a separated, private way, with the reason of the clients select the appropriate photos which they want to order from the photographers. Traffic data When visitors use our site we collect data of the visitor\u2019s [&hellip;]\" \/>\n<meta property=\"og:url\" content=\"https:\/\/photopickr.com\/hu\/privacy-policy\/\" \/>\n<meta property=\"og:site_name\" content=\"photopickr\" \/>\n<meta property=\"article:modified_time\" content=\"2024-03-16T20:19:40+00:00\" \/>\n<meta name=\"twitter:card\" content=\"summary_large_image\" \/>\n<meta name=\"twitter:label1\" content=\"Becs\u00fclt olvas\u00e1si id\u0151\" \/>\n\t<meta name=\"twitter:data1\" content=\"2 perc\" \/>\n<script type=\"application\/ld+json\" class=\"yoast-schema-graph\">{\"@context\":\"https:\\\/\\\/schema.org\",\"@graph\":[{\"@type\":\"WebPage\",\"@id\":\"https:\\\/\\\/photopickr.com\\\/privacy-policy\\\/\",\"url\":\"https:\\\/\\\/photopickr.com\\\/privacy-policy\\\/\",\"name\":\"Privacy Policy - photopickr\",\"isPartOf\":{\"@id\":\"https:\\\/\\\/photopickr.com\\\/#website\"},\"datePublished\":\"2024-02-11T16:24:55+00:00\",\"dateModified\":\"2024-03-16T20:19:40+00:00\",\"breadcrumb\":{\"@id\":\"https:\\\/\\\/photopickr.com\\\/privacy-policy\\\/#breadcrumb\"},\"inLanguage\":\"hu\",\"potentialAction\":[{\"@type\":\"ReadAction\",\"target\":[\"https:\\\/\\\/photopickr.com\\\/privacy-policy\\\/\"]}]},{\"@type\":\"BreadcrumbList\",\"@id\":\"https:\\\/\\\/photopickr.com\\\/privacy-policy\\\/#breadcrumb\",\"itemListElement\":[{\"@type\":\"ListItem\",\"position\":1,\"name\":\"Home\",\"item\":\"https:\\\/\\\/photopickr.com\\\/\"},{\"@type\":\"ListItem\",\"position\":2,\"name\":\"Privacy Policy\"}]},{\"@type\":\"WebSite\",\"@id\":\"https:\\\/\\\/photopickr.com\\\/#website\",\"url\":\"https:\\\/\\\/photopickr.com\\\/\",\"name\":\"photopickr (beta)\",\"description\":\"client photo gallery\",\"publisher\":{\"@id\":\"https:\\\/\\\/photopickr.com\\\/#organization\"},\"potentialAction\":[{\"@type\":\"SearchAction\",\"target\":{\"@type\":\"EntryPoint\",\"urlTemplate\":\"https:\\\/\\\/photopickr.com\\\/?s={search_term_string}\"},\"query-input\":{\"@type\":\"PropertyValueSpecification\",\"valueRequired\":true,\"valueName\":\"search_term_string\"}}],\"inLanguage\":\"hu\"},{\"@type\":\"Organization\",\"@id\":\"https:\\\/\\\/photopickr.com\\\/#organization\",\"name\":\"photopickr (beta)\",\"url\":\"https:\\\/\\\/photopickr.com\\\/\",\"logo\":{\"@type\":\"ImageObject\",\"inLanguage\":\"hu\",\"@id\":\"https:\\\/\\\/photopickr.com\\\/#\\\/schema\\\/logo\\\/image\\\/\",\"url\":\"https:\\\/\\\/photopickr.com\\\/wp-content\\\/uploads\\\/2024\\\/02\\\/pplogo-512.png\",\"contentUrl\":\"https:\\\/\\\/photopickr.com\\\/wp-content\\\/uploads\\\/2024\\\/02\\\/pplogo-512.png\",\"width\":512,\"height\":512,\"caption\":\"photopickr (beta)\"},\"image\":{\"@id\":\"https:\\\/\\\/photopickr.com\\\/#\\\/schema\\\/logo\\\/image\\\/\"}}]}<\/script>\n<!-- \/ Yoast SEO plugin. -->","yoast_head_json":{"title":"Privacy Policy - photopickr","robots":{"index":"index","follow":"follow","max-snippet":"max-snippet:-1","max-image-preview":"max-image-preview:large","max-video-preview":"max-video-preview:-1"},"canonical":"https:\/\/photopickr.com\/hu\/privacy-policy\/","og_locale":"hu_HU","og_type":"article","og_title":"Privacy Policy - photopickr","og_description":"Who we are Our website address: http:\/\/photopickr.com The website purprose: registered photographers (users) share their work to their clients in a separated, private way, with the reason of the clients select the appropriate photos which they want to order from the photographers. Traffic data When visitors use our site we collect data of the visitor\u2019s [&hellip;]","og_url":"https:\/\/photopickr.com\/hu\/privacy-policy\/","og_site_name":"photopickr","article_modified_time":"2024-03-16T20:19:40+00:00","twitter_card":"summary_large_image","twitter_misc":{"Becs\u00fclt olvas\u00e1si id\u0151":"2 perc"},"schema":{"@context":"https:\/\/schema.org","@graph":[{"@type":"WebPage","@id":"https:\/\/photopickr.com\/privacy-policy\/","url":"https:\/\/photopickr.com\/privacy-policy\/","name":"Privacy Policy - photopickr","isPartOf":{"@id":"https:\/\/photopickr.com\/#website"},"datePublished":"2024-02-11T16:24:55+00:00","dateModified":"2024-03-16T20:19:40+00:00","breadcrumb":{"@id":"https:\/\/photopickr.com\/privacy-policy\/#breadcrumb"},"inLanguage":"hu","potentialAction":[{"@type":"ReadAction","target":["https:\/\/photopickr.com\/privacy-policy\/"]}]},{"@type":"BreadcrumbList","@id":"https:\/\/photopickr.com\/privacy-policy\/#breadcrumb","itemListElement":[{"@type":"ListItem","position":1,"name":"Home","item":"https:\/\/photopickr.com\/"},{"@type":"ListItem","position":2,"name":"Privacy Policy"}]},{"@type":"WebSite","@id":"https:\/\/photopickr.com\/#website","url":"https:\/\/photopickr.com\/","name":"photopickr (b\u00e9ta)","description":"online fot\u00f3 gal\u00e9ria","publisher":{"@id":"https:\/\/photopickr.com\/#organization"},"potentialAction":[{"@type":"SearchAction","target":{"@type":"EntryPoint","urlTemplate":"https:\/\/photopickr.com\/?s={search_term_string}"},"query-input":{"@type":"PropertyValueSpecification","valueRequired":true,"valueName":"search_term_string"}}],"inLanguage":"hu"},{"@type":"Organization","@id":"https:\/\/photopickr.com\/#organization","name":"photopickr (b\u00e9ta)","url":"https:\/\/photopickr.com\/","logo":{"@type":"ImageObject","inLanguage":"hu","@id":"https:\/\/photopickr.com\/#\/schema\/logo\/image\/","url":"https:\/\/photopickr.com\/wp-content\/uploads\/2024\/02\/pplogo-512.png","contentUrl":"https:\/\/photopickr.com\/wp-content\/uploads\/2024\/02\/pplogo-512.png","width":512,"height":512,"caption":"photopickr (beta)"},"image":{"@id":"https:\/\/photopickr.com\/#\/schema\/logo\/image\/"}}]}},"_links":{"self":[{"href":"https:\/\/photopickr.com\/hu\/wp-json\/wp\/v2\/pages\/3","targetHints":{"allow":["GET"]}}],"collection":[{"href":"https:\/\/photopickr.com\/hu\/wp-json\/wp\/v2\/pages"}],"about":[{"href":"https:\/\/photopickr.com\/hu\/wp-json\/wp\/v2\/types\/page"}],"author":[{"embeddable":true,"href":"https:\/\/photopickr.com\/hu\/wp-json\/wp\/v2\/users\/1"}],"replies":[{"embeddable":true,"href":"https:\/\/photopickr.com\/hu\/wp-json\/wp\/v2\/comments?post=3"}],"version-history":[{"count":3,"href":"https:\/\/photopickr.com\/hu\/wp-json\/wp\/v2\/pages\/3\/revisions"}],"predecessor-version":[{"id":522,"href":"https:\/\/photopickr.com\/hu\/wp-json\/wp\/v2\/pages\/3\/revisions\/522"}],"wp:attachment":[{"href":"https:\/\/photopickr.com\/hu\/wp-json\/wp\/v2\/media?parent=3"}],"curies":[{"name":"wp","href":"https:\/\/api.w.org\/{rel}","templated":true}]}}